{"id":796,"date":"2021-05-31T09:24:50","date_gmt":"2021-05-31T09:24:50","guid":{"rendered":"https:\/\/edcautotechnik.hgblu.dev\/contatti\/"},"modified":"2025-06-30T16:22:42","modified_gmt":"2025-06-30T14:22:42","slug":"kontakte","status":"publish","type":"page","link":"https:\/\/edcautotechnik.com\/de\/kontakte\/","title":{"rendered":"Kontakte"},"content":{"rendered":"<div class=\"row\">\n<div class=\"col-md-6\" style=\"text-align: left;\">\n<p>Wir verf\u00fcgen \u00fcber die notwendigen Fachkenntnisse, die Fantasie, die Erfahrung und die Werkzeuge, um s\u00e4mtliche mechanischen und elektronischen Probleme l\u00f6sen zu k\u00f6nnen. All das w\u00e4re jedoch nutzlos, wenn wir nicht auch die F\u00e4higkeit h\u00e4tten, zuzuh\u00f6ren: schreiben Sie uns, rufen Sie uns an, besuchen Sie uns in der Werkstatt und sagen Sie uns, was Sie sich f\u00fcr Ihr Auto w\u00fcnschen.<\/p>\n<p>&nbsp;<\/p>\n<p><strong>EDC AUTOTECHNIK<\/strong><\/p>\n<div><strong>Adresse<\/strong>: Via Luigi Negrelli, 21\/1, 38121 Lavis TN<\/div>\n<div><strong>Tel:<\/strong> 0461 245274<\/div>\n<div><strong>Mobiltelefon:<\/strong> 392 5150057<\/div>\n<div><strong>E-mail:<\/strong> <a href=\"mailto:info@edcautotechnick\">info@edcautotechnik.com<\/a><\/div>\n<div><strong><br \/>\nFahrpl\u00e4ne:<\/strong><br \/>\n<strong>Montag &#8211; Freitag:<\/strong>\u00a07.00 &#8211; 12.00 \/ 14.00 &#8211; 18.30<br \/>\n<strong>Samstag:<\/strong>nach Vereinbarung<\/div>\n<\/div>\n<div class=\"col-md-6\" style=\"text-align: left;\">\n<p><iframe loading=\"lazy\" style=\"border: 0;\" src=\"https:\/\/www.google.com\/maps\/embed?pb=!1m18!1m12!1m3!1d2764.8237703195!2d11.097277716133473!3d46.134340196496595!2m3!1f0!2f0!3f0!3m2!1i1024!2i768!4f13.1!3m3!1m2!1s0x47827a80b8647405%3A0x64a5a361cd2a19ab!2sEDC%20Autotechnik!5e0!3m2!1sit!2sit!4v1635257397183!5m2!1sde!2sde\" width=\"100%\" height=\"500\" allowfullscreen=\"allowfullscreen\"><span data-mce-type=\"bookmark\" style=\"display: inline-block; width: 0px; overflow: hidden; line-height: 0;\" class=\"mce_SELRES_start\">\ufeff<\/span><\/iframe><\/p>\n<div><\/div>\n<\/div>\n<\/div>\n","protected":false},"excerpt":{"rendered":"<p>Wir verf\u00fcgen \u00fcber die notwendigen Fachkenntnisse, die Fantasie, die Erfahrung und die Werkzeuge, um s\u00e4mtliche mechanischen und elektronischen Probleme l\u00f6sen zu k\u00f6nnen. All das w\u00e4re jedoch nutzlos, wenn wir nicht auch die F\u00e4higkeit h\u00e4tten, zuzuh\u00f6ren: schreiben Sie uns, rufen Sie uns an, besuchen Sie uns in der Werkstatt und sagen Sie uns, was Sie sich [&hellip;]<\/p>\n","protected":false},"author":1,"featured_media":0,"parent":0,"menu_order":3,"comment_status":"closed","ping_status":"closed","template":"","meta":{"_acf_changed":false,"footnotes":""},"class_list":["post-796","page","type-page","status-publish","hentry"],"acf":[],"_links":{"self":[{"href":"https:\/\/edcautotechnik.com\/de\/wp-json\/wp\/v2\/pages\/796","targetHints":{"allow":["GET"]}}],"collection":[{"href":"https:\/\/edcautotechnik.com\/de\/wp-json\/wp\/v2\/pages"}],"about":[{"href":"https:\/\/edcautotechnik.com\/de\/wp-json\/wp\/v2\/types\/page"}],"author":[{"embeddable":true,"href":"https:\/\/edcautotechnik.com\/de\/wp-json\/wp\/v2\/users\/1"}],"replies":[{"embeddable":true,"href":"https:\/\/edcautotechnik.com\/de\/wp-json\/wp\/v2\/comments?post=796"}],"version-history":[{"count":6,"href":"https:\/\/edcautotechnik.com\/de\/wp-json\/wp\/v2\/pages\/796\/revisions"}],"predecessor-version":[{"id":2446,"href":"https:\/\/edcautotechnik.com\/de\/wp-json\/wp\/v2\/pages\/796\/revisions\/2446"}],"wp:attachment":[{"href":"https:\/\/edcautotechnik.com\/de\/wp-json\/wp\/v2\/media?parent=796"}],"curies":[{"name":"wp","href":"https:\/\/api.w.org\/{rel}","templated":true}]}}